{"id":1684,"date":"2022-06-08T14:01:16","date_gmt":"2022-06-08T14:01:16","guid":{"rendered":"https:\/\/new.stemcelltherapyinlosangeles.com\/?page_id=1684"},"modified":"2025-08-13T10:40:14","modified_gmt":"2025-08-13T10:40:14","slug":"blog","status":"publish","type":"page","link":"https:\/\/stemcellmexico.com\/es_es\/blog\/","title":{"rendered":"BLOG"},"content":{"rendered":"\t\t<div data-elementor-type=\"wp-page\" data-elementor-id=\"1684\" class=\"elementor elementor-1684\" data-elementor-post-type=\"page\">\n\t\t\t\t\t\t<section class=\"elementor-section elementor-top-section elementor-element elementor-element-c28835c elementor-section-boxed elementor-section-height-default elementor-section-height-default parallax_section_no qode_elementor_container_no\" data-id=\"c28835c\" data-element_type=\"section\">\n\t\t\t\t\t\t<div class=\"elementor-container elementor-column-gap-default\">\n\t\t\t\t\t<div class=\"elementor-column elementor-col-100 elementor-top-column elementor-element elementor-element-8a0ad7a\" data-id=\"8a0ad7a\" data-element_type=\"column\">\n\t\t\t<div class=\"elementor-widget-wrap elementor-element-populated\">\n\t\t\t\t\t\t<div class=\"elementor-element elementor-element-b314983 elementor-widget elementor-widget-text-editor\" data-id=\"b314983\" data-element_type=\"widget\" data-widget_type=\"text-editor.default\">\n\t\t\t\t<div class=\"elementor-widget-container\">\n\t\t\t\t\t\t\t\t\t<p data-start=\"54\" data-end=\"80\">Explora Nuestro Blog<\/p>\t\t\t\t\t\t\t\t<\/div>\n\t\t\t\t<\/div>\n\t\t\t\t\t<\/div>\n\t\t<\/div>\n\t\t\t\t\t<\/div>\n\t\t<\/section>\n\t\t\t\t<section class=\"elementor-section elementor-top-section elementor-element elementor-element-fd0c7d6 elementor-section-boxed elementor-section-height-default elementor-section-height-default parallax_section_no qode_elementor_container_no\" data-id=\"fd0c7d6\" data-element_type=\"section\">\n\t\t\t\t\t\t<div class=\"elementor-container elementor-column-gap-default\">\n\t\t\t\t\t<div class=\"elementor-column elementor-col-100 elementor-top-column elementor-element elementor-element-0670268\" data-id=\"0670268\" data-element_type=\"column\">\n\t\t\t<div class=\"elementor-widget-wrap elementor-element-populated\">\n\t\t\t\t\t\t<div class=\"elementor-element elementor-element-69df877 elementor-widget elementor-widget-qi_addons_for_elementor_blog_list\" data-id=\"69df877\" data-element_type=\"widget\" data-widget_type=\"qi_addons_for_elementor_blog_list.default\">\n\t\t\t\t<div class=\"elementor-widget-container\">\n\t\t\t\t\t<div class=\"qodef-shortcode qodef-m qodef-addons-blog-list qodef-info-no-icons qodef-image--hover-zoom qodef-qi-grid qodef-layout--qi-columns qodef-col-num--3 qodef-item-layout--boxed qodef-responsive--predefined\" >\n\t<div class=\"qodef-grid-inner\">\n\t\t<article class=\"qodef-e qodef-blog-item qodef-grid-item qodef-item--custom post-35130 post type-post status-publish format-standard has-post-thumbnail hentry category-blog category-regenerative-medicine\">\n\t<div class=\"qodef-e-inner\">\n\t\t<div class=\"qodef-e-media-holder\">\n\t\t\t<div class=\"qodef-e-media\">\n\t\t<div class=\"qodef-e-media-image\">\n\t\t<a itemprop=\"url\" href=\"https:\/\/stemcellmexico.com\/es_es\/para-que-sirven-las-celulas-madre\/\">\n\t\t\t<img fetchpriority=\"high\" decoding=\"async\" src=\"https:\/\/stemcellmexico.com\/es_es\/wp-content\/uploads\/2025\/07\/iStock-1626470215-450x300.jpg\" alt=\"\" width=\"450\" height=\"300\" \/>\t\t<\/a>\n\t\t\t<\/div>\n<\/div>\n<div itemprop=\"dateCreated\" class=\"qodef-e-info-item qodef-e-info-date entry-date \">\n\t<a itemprop=\"url\" href=\"https:\/\/stemcellmexico.com\/es_es\/2025\/07\/\">\n\t\t11 Jul\t<\/a>\n<\/div>\n\t\t<\/div>\n\t\t<div class=\"qodef-e-content\">\n\t\t\t\t\t\t\t<div class=\"qodef-e-info qodef-info--top\">\n\t\t\t\t\t<div class=\"qodef-e-info-item qodef-e-info-category\">\n\t\t<a href=\"https:\/\/stemcellmexico.com\/es_es\/category\/blog\/\" rel=\"category tag\">Blog<\/a><span class=\"qodef-category-separator\"><\/span><a href=\"https:\/\/stemcellmexico.com\/es_es\/category\/regenerative-medicine\/\" rel=\"category tag\">Regenerative Medicine<\/a><\/div>\n<div class=\"qodef-e-info-item qodef-e-info-author\">\n\t<a itemprop=\"author\" class=\"qodef-e-info-author-link\" href=\"https:\/\/stemcellmexico.com\/es_es\/author\/siteadmin\/\">\n\t\t\t\tsiteadmin\t<\/a>\n<\/div>\n\t\t\t\t<\/div>\n\t\t\t\t\t\t<div class=\"qodef-e-text\">\n\t\t\t\t<h5 itemprop=\"name\" class=\"qodef-e-title entry-title\">\n\t<a itemprop=\"url\" class=\"qodef-e-title-link\" href=\"https:\/\/stemcellmexico.com\/es_es\/para-que-sirven-las-celulas-madre\/\">\n\t\tPara Qu\u00e9 Sirven las C\u00e9lulas Madre: Tu Gu\u00eda Completa de Medicina Regenerativa\t<\/a>\n<\/h5>\n\t\t<p itemprop=\"description\" class=\"qodef-e-excerpt\">\n\t\t\t\u00bfTe has preguntado alguna vez c\u00f3mo tu cuerpo puede repararse a s\u00ed mismo? La respuesta est\u00e1 en las c\u00e9lulas madre, esas peque\u00f1as maravil\t\t<\/p>\n\t\t\t\t<\/div>\n\t\t\t\t\t\t\t<div class=\"qodef-e-info qodef-info--bottom\">\n\t\t\t\t\t\t<div class=\"qodef-e-read-more\">\n\t\t<a class=\"qodef-shortcode qodef-m qodef-qi-button qodef-html--link qodef-layout--filled qodef-type--standard qodef-icon--right qodef-hover--icon-move-horizontal-short\" href=\"https:\/\/stemcellmexico.com\/es_es\/para-que-sirven-las-celulas-madre\/\" target=\"_self\">\t<span class=\"qodef-m-text\">Read More<\/span>\t<\/a>\t<\/div>\n\t\t\t\t<\/div>\n\t\t\t\t\t<\/div>\n\t<\/div>\n<\/article>\n<article class=\"qodef-e qodef-blog-item qodef-grid-item qodef-item--custom post-35050 post type-post status-publish format-standard has-post-thumbnail hentry category-blog category-regenerative-medicine\">\n\t<div class=\"qodef-e-inner\">\n\t\t<div class=\"qodef-e-media-holder\">\n\t\t\t<div class=\"qodef-e-media\">\n\t\t<div class=\"qodef-e-media-image\">\n\t\t<a itemprop=\"url\" href=\"https:\/\/stemcellmexico.com\/es_es\/acerca-del-tratamiento-celulas-madre\/\">\n\t\t\t<img fetchpriority=\"high\" decoding=\"async\" src=\"https:\/\/stemcellmexico.com\/es_es\/wp-content\/uploads\/2025\/07\/iStock-1626470215-450x300.jpg\" alt=\"\" width=\"450\" height=\"300\" \/>\t\t<\/a>\n\t\t\t<\/div>\n<\/div>\n<div itemprop=\"dateCreated\" class=\"qodef-e-info-item qodef-e-info-date entry-date \">\n\t<a itemprop=\"url\" href=\"https:\/\/stemcellmexico.com\/es_es\/2025\/07\/\">\n\t\t9 Jul\t<\/a>\n<\/div>\n\t\t<\/div>\n\t\t<div class=\"qodef-e-content\">\n\t\t\t\t\t\t\t<div class=\"qodef-e-info qodef-info--top\">\n\t\t\t\t\t<div class=\"qodef-e-info-item qodef-e-info-category\">\n\t\t<a href=\"https:\/\/stemcellmexico.com\/es_es\/category\/blog\/\" rel=\"category tag\">Blog<\/a><span class=\"qodef-category-separator\"><\/span><a href=\"https:\/\/stemcellmexico.com\/es_es\/category\/regenerative-medicine\/\" rel=\"category tag\">Regenerative Medicine<\/a><\/div>\n<div class=\"qodef-e-info-item qodef-e-info-author\">\n\t<a itemprop=\"author\" class=\"qodef-e-info-author-link\" href=\"https:\/\/stemcellmexico.com\/es_es\/author\/siteadmin\/\">\n\t\t\t\tsiteadmin\t<\/a>\n<\/div>\n\t\t\t\t<\/div>\n\t\t\t\t\t\t<div class=\"qodef-e-text\">\n\t\t\t\t<h5 itemprop=\"name\" class=\"qodef-e-title entry-title\">\n\t<a itemprop=\"url\" class=\"qodef-e-title-link\" href=\"https:\/\/stemcellmexico.com\/es_es\/acerca-del-tratamiento-celulas-madre\/\">\n\t\tAcerca del Tratamiento de C\u00e9lulas Madre\t<\/a>\n<\/h5>\n\t\t<p itemprop=\"description\" class=\"qodef-e-excerpt\">\n\t\t\t\u00bfTe has preguntado alguna vez si existe una forma natural de ayudar a tu cuerpo a sanar? En M\u00e9xico, donde el 30% de la poblaci\u00f3n vive con\t\t<\/p>\n\t\t\t\t<\/div>\n\t\t\t\t\t\t\t<div class=\"qodef-e-info qodef-info--bottom\">\n\t\t\t\t\t\t<div class=\"qodef-e-read-more\">\n\t\t<a class=\"qodef-shortcode qodef-m qodef-qi-button qodef-html--link qodef-layout--filled qodef-type--standard qodef-icon--right qodef-hover--icon-move-horizontal-short\" href=\"https:\/\/stemcellmexico.com\/es_es\/acerca-del-tratamiento-celulas-madre\/\" target=\"_self\">\t<span class=\"qodef-m-text\">Read More<\/span>\t<\/a>\t<\/div>\n\t\t\t\t<\/div>\n\t\t\t\t\t<\/div>\n\t<\/div>\n<\/article>\n\t<\/div>\n\t<\/div>\n\t\t\t\t<\/div>\n\t\t\t\t<\/div>\n\t\t\t\t\t<\/div>\n\t\t<\/div>\n\t\t\t\t\t<\/div>\n\t\t<\/section>\n\t\t\t\t<\/div>\n\t\t","protected":false},"excerpt":{"rendered":"<p>Explora Nuestro Blog 11 Jul BlogRegenerative Medicine siteadmin Para Qu\u00e9 Sirven las C\u00e9lulas Madre: Tu Gu\u00eda Completa de Medicina Regenerativa \u00bfTe has preguntado alguna vez c\u00f3mo tu cuerpo puede repararse a s\u00ed mismo? La respuesta est\u00e1 en las c\u00e9lulas madre, esas peque\u00f1as maravil Read More&#8230;<\/p>\n","protected":false},"author":1,"featured_media":0,"parent":0,"menu_order":0,"comment_status":"closed","ping_status":"closed","template":"","meta":{"footnotes":""},"class_list":["post-1684","page","type-page","status-publish","hentry"],"yoast_head":"<!-- This site is optimized with the Yoast SEO plugin v26.8 - https:\/\/yoast.com\/product\/yoast-seo-wordpress\/ -->\n<title>R3 Stem Cell Mexico - BLOG<\/title>\n<meta name=\"robots\" content=\"index, follow, max-snippet:-1, max-image-preview:large, max-video-preview:-1\" \/>\n<link rel=\"canonical\" href=\"https:\/\/stemcellmexico.com\/es_es\/blog\/\" \/>\n<meta property=\"og:locale\" content=\"en_US\" \/>\n<meta property=\"og:type\" content=\"article\" \/>\n<meta property=\"og:title\" content=\"R3 Stem Cell Mexico - BLOG\" \/>\n<meta property=\"og:description\" content=\"Explora Nuestro Blog 11 Jul BlogRegenerative Medicine siteadmin Para Qu\u00e9 Sirven las C\u00e9lulas Madre: Tu Gu\u00eda Completa de Medicina Regenerativa \u00bfTe has preguntado alguna vez c\u00f3mo tu cuerpo puede repararse a s\u00ed mismo? La respuesta est\u00e1 en las c\u00e9lulas madre, esas peque\u00f1as maravil Read More...\" \/>\n<meta property=\"og:url\" content=\"https:\/\/stemcellmexico.com\/es_es\/blog\/\" \/>\n<meta property=\"og:site_name\" content=\"Stem Cell Mexico\" \/>\n<meta property=\"article:modified_time\" content=\"2025-08-13T10:40:14+00:00\" \/>\n<meta property=\"og:image\" content=\"https:\/\/stemcellmexico.com\/es_es\/wp-content\/uploads\/2025\/07\/iStock-1626470215-450x300.jpg\" \/>\n<meta name=\"twitter:card\" content=\"summary_large_image\" \/>\n<meta name=\"twitter:label1\" content=\"Est. reading time\" \/>\n\t<meta name=\"twitter:data1\" content=\"1 minute\" \/>\n<script type=\"application\/ld+json\" class=\"yoast-schema-graph\">{\"@context\":\"https:\/\/schema.org\",\"@graph\":[{\"@type\":\"WebPage\",\"@id\":\"https:\/\/stemcellmexico.com\/es_es\/blog\/\",\"url\":\"https:\/\/stemcellmexico.com\/es_es\/blog\/\",\"name\":\"R3 Stem Cell Mexico - BLOG\",\"isPartOf\":{\"@id\":\"https:\/\/stemcellmexico.com\/es_es\/#website\"},\"primaryImageOfPage\":{\"@id\":\"https:\/\/stemcellmexico.com\/es_es\/blog\/#primaryimage\"},\"image\":{\"@id\":\"https:\/\/stemcellmexico.com\/es_es\/blog\/#primaryimage\"},\"thumbnailUrl\":\"https:\/\/stemcellmexico.com\/es_es\/wp-content\/uploads\/2025\/07\/iStock-1626470215-450x300.jpg\",\"datePublished\":\"2022-06-08T14:01:16+00:00\",\"dateModified\":\"2025-08-13T10:40:14+00:00\",\"breadcrumb\":{\"@id\":\"https:\/\/stemcellmexico.com\/es_es\/blog\/#breadcrumb\"},\"inLanguage\":\"en-US\",\"potentialAction\":[{\"@type\":\"ReadAction\",\"target\":[\"https:\/\/stemcellmexico.com\/es_es\/blog\/\"]}]},{\"@type\":\"ImageObject\",\"inLanguage\":\"en-US\",\"@id\":\"https:\/\/stemcellmexico.com\/es_es\/blog\/#primaryimage\",\"url\":\"https:\/\/stemcellmexico.com\/es_es\/wp-content\/uploads\/2025\/07\/iStock-1626470215.jpg\",\"contentUrl\":\"https:\/\/stemcellmexico.com\/es_es\/wp-content\/uploads\/2025\/07\/iStock-1626470215.jpg\",\"width\":1275,\"height\":823},{\"@type\":\"BreadcrumbList\",\"@id\":\"https:\/\/stemcellmexico.com\/es_es\/blog\/#breadcrumb\",\"itemListElement\":[{\"@type\":\"ListItem\",\"position\":1,\"name\":\"Home\",\"item\":\"https:\/\/stemcellmexico.com\/es_es\/\"},{\"@type\":\"ListItem\",\"position\":2,\"name\":\"BLOG\"}]},{\"@type\":\"WebSite\",\"@id\":\"https:\/\/stemcellmexico.com\/es_es\/#website\",\"url\":\"https:\/\/stemcellmexico.com\/es_es\/\",\"name\":\"Stem Cell Mexico\",\"description\":\"\",\"publisher\":{\"@id\":\"https:\/\/stemcellmexico.com\/es_es\/#organization\"},\"potentialAction\":[{\"@type\":\"SearchAction\",\"target\":{\"@type\":\"EntryPoint\",\"urlTemplate\":\"https:\/\/stemcellmexico.com\/es_es\/?s={search_term_string}\"},\"query-input\":{\"@type\":\"PropertyValueSpecification\",\"valueRequired\":true,\"valueName\":\"search_term_string\"}}],\"inLanguage\":\"en-US\"},{\"@type\":\"Organization\",\"@id\":\"https:\/\/stemcellmexico.com\/es_es\/#organization\",\"name\":\"R3 Stem Cell M\u00e9xico\",\"alternateName\":\"Stem Therapy Cell M\u00e9xico\",\"url\":\"https:\/\/stemcellmexico.com\/es_es\/\",\"logo\":{\"@type\":\"ImageObject\",\"inLanguage\":\"en-US\",\"@id\":\"https:\/\/stemcellmexico.com\/es_es\/#\/schema\/logo\/image\/\",\"url\":\"https:\/\/stemcellmexico.com\/es_es\/wp-content\/uploads\/2025\/05\/upper-body.png\",\"contentUrl\":\"https:\/\/stemcellmexico.com\/es_es\/wp-content\/uploads\/2025\/05\/upper-body.png\",\"width\":127,\"height\":127,\"caption\":\"R3 Stem Cell M\u00e9xico\"},\"image\":{\"@id\":\"https:\/\/stemcellmexico.com\/es_es\/#\/schema\/logo\/image\/\"}}]}<\/script>\n<!-- \/ Yoast SEO plugin. -->","yoast_head_json":{"title":"R3 Stem Cell Mexico - BLOG","robots":{"index":"index","follow":"follow","max-snippet":"max-snippet:-1","max-image-preview":"max-image-preview:large","max-video-preview":"max-video-preview:-1"},"canonical":"https:\/\/stemcellmexico.com\/es_es\/blog\/","og_locale":"en_US","og_type":"article","og_title":"R3 Stem Cell Mexico - BLOG","og_description":"Explora Nuestro Blog 11 Jul BlogRegenerative Medicine siteadmin Para Qu\u00e9 Sirven las C\u00e9lulas Madre: Tu Gu\u00eda Completa de Medicina Regenerativa \u00bfTe has preguntado alguna vez c\u00f3mo tu cuerpo puede repararse a s\u00ed mismo? La respuesta est\u00e1 en las c\u00e9lulas madre, esas peque\u00f1as maravil Read More...","og_url":"https:\/\/stemcellmexico.com\/es_es\/blog\/","og_site_name":"Stem Cell Mexico","article_modified_time":"2025-08-13T10:40:14+00:00","og_image":[{"url":"https:\/\/stemcellmexico.com\/es_es\/wp-content\/uploads\/2025\/07\/iStock-1626470215-450x300.jpg","type":"","width":"","height":""}],"twitter_card":"summary_large_image","twitter_misc":{"Est. reading time":"1 minute"},"schema":{"@context":"https:\/\/schema.org","@graph":[{"@type":"WebPage","@id":"https:\/\/stemcellmexico.com\/es_es\/blog\/","url":"https:\/\/stemcellmexico.com\/es_es\/blog\/","name":"R3 Stem Cell Mexico - BLOG","isPartOf":{"@id":"https:\/\/stemcellmexico.com\/es_es\/#website"},"primaryImageOfPage":{"@id":"https:\/\/stemcellmexico.com\/es_es\/blog\/#primaryimage"},"image":{"@id":"https:\/\/stemcellmexico.com\/es_es\/blog\/#primaryimage"},"thumbnailUrl":"https:\/\/stemcellmexico.com\/es_es\/wp-content\/uploads\/2025\/07\/iStock-1626470215-450x300.jpg","datePublished":"2022-06-08T14:01:16+00:00","dateModified":"2025-08-13T10:40:14+00:00","breadcrumb":{"@id":"https:\/\/stemcellmexico.com\/es_es\/blog\/#breadcrumb"},"inLanguage":"en-US","potentialAction":[{"@type":"ReadAction","target":["https:\/\/stemcellmexico.com\/es_es\/blog\/"]}]},{"@type":"ImageObject","inLanguage":"en-US","@id":"https:\/\/stemcellmexico.com\/es_es\/blog\/#primaryimage","url":"https:\/\/stemcellmexico.com\/es_es\/wp-content\/uploads\/2025\/07\/iStock-1626470215.jpg","contentUrl":"https:\/\/stemcellmexico.com\/es_es\/wp-content\/uploads\/2025\/07\/iStock-1626470215.jpg","width":1275,"height":823},{"@type":"BreadcrumbList","@id":"https:\/\/stemcellmexico.com\/es_es\/blog\/#breadcrumb","itemListElement":[{"@type":"ListItem","position":1,"name":"Home","item":"https:\/\/stemcellmexico.com\/es_es\/"},{"@type":"ListItem","position":2,"name":"BLOG"}]},{"@type":"WebSite","@id":"https:\/\/stemcellmexico.com\/es_es\/#website","url":"https:\/\/stemcellmexico.com\/es_es\/","name":"Stem Cell Mexico","description":"","publisher":{"@id":"https:\/\/stemcellmexico.com\/es_es\/#organization"},"potentialAction":[{"@type":"SearchAction","target":{"@type":"EntryPoint","urlTemplate":"https:\/\/stemcellmexico.com\/es_es\/?s={search_term_string}"},"query-input":{"@type":"PropertyValueSpecification","valueRequired":true,"valueName":"search_term_string"}}],"inLanguage":"en-US"},{"@type":"Organization","@id":"https:\/\/stemcellmexico.com\/es_es\/#organization","name":"R3 Stem Cell M\u00e9xico","alternateName":"Stem Therapy Cell M\u00e9xico","url":"https:\/\/stemcellmexico.com\/es_es\/","logo":{"@type":"ImageObject","inLanguage":"en-US","@id":"https:\/\/stemcellmexico.com\/es_es\/#\/schema\/logo\/image\/","url":"https:\/\/stemcellmexico.com\/es_es\/wp-content\/uploads\/2025\/05\/upper-body.png","contentUrl":"https:\/\/stemcellmexico.com\/es_es\/wp-content\/uploads\/2025\/05\/upper-body.png","width":127,"height":127,"caption":"R3 Stem Cell M\u00e9xico"},"image":{"@id":"https:\/\/stemcellmexico.com\/es_es\/#\/schema\/logo\/image\/"}}]}},"_links":{"self":[{"href":"https:\/\/stemcellmexico.com\/es_es\/wp-json\/wp\/v2\/pages\/1684","targetHints":{"allow":["GET"]}}],"collection":[{"href":"https:\/\/stemcellmexico.com\/es_es\/wp-json\/wp\/v2\/pages"}],"about":[{"href":"https:\/\/stemcellmexico.com\/es_es\/wp-json\/wp\/v2\/types\/page"}],"author":[{"embeddable":true,"href":"https:\/\/stemcellmexico.com\/es_es\/wp-json\/wp\/v2\/users\/1"}],"replies":[{"embeddable":true,"href":"https:\/\/stemcellmexico.com\/es_es\/wp-json\/wp\/v2\/comments?post=1684"}],"version-history":[{"count":9,"href":"https:\/\/stemcellmexico.com\/es_es\/wp-json\/wp\/v2\/pages\/1684\/revisions"}],"predecessor-version":[{"id":35243,"href":"https:\/\/stemcellmexico.com\/es_es\/wp-json\/wp\/v2\/pages\/1684\/revisions\/35243"}],"wp:attachment":[{"href":"https:\/\/stemcellmexico.com\/es_es\/wp-json\/wp\/v2\/media?parent=1684"}],"curies":[{"name":"wp","href":"https:\/\/api.w.org\/{rel}","templated":true}]}}