{"id":23025,"date":"2025-08-08T07:40:45","date_gmt":"2025-08-08T07:40:45","guid":{"rendered":"https:\/\/stemcellmexico.com\/es_es\/?page_id=23025"},"modified":"2025-08-08T07:40:48","modified_gmt":"2025-08-08T07:40:48","slug":"schedule-phone-consultation","status":"publish","type":"page","link":"https:\/\/stemcellmexico.com\/es_es\/schedule-phone-consultation\/","title":{"rendered":"Programa tu Consulta Telef\u00f3nica GRATUITA"},"content":{"rendered":"\t\t<div data-elementor-type=\"wp-page\" data-elementor-id=\"23025\" class=\"elementor elementor-23025\" data-elementor-post-type=\"page\">\n\t\t\t\t\t\t<section class=\"elementor-section elementor-top-section elementor-element elementor-element-9d715b7 elementor-section-full_width elementor-section-height-min-height elementor-section-stretched elementor-section-height-default elementor-section-items-middle parallax_section_no qode_elementor_container_no\" data-id=\"9d715b7\" data-element_type=\"section\" data-settings=\"{&quot;stretch_section&quot;:&quot;section-stretched&quot;,&quot;background_background&quot;:&quot;classic&quot;}\">\n\t\t\t\t\t\t<div class=\"elementor-container elementor-column-gap-no\">\n\t\t\t\t\t<div class=\"elementor-column elementor-col-100 elementor-top-column elementor-element elementor-element-d80ce94\" data-id=\"d80ce94\" data-element_type=\"column\">\n\t\t\t<div class=\"elementor-widget-wrap elementor-element-populated\">\n\t\t\t\t\t\t<section class=\"elementor-section elementor-inner-section elementor-element elementor-element-f83c26e elementor-section-boxed elementor-section-height-default elementor-section-height-default parallax_section_no qode_elementor_container_no\" data-id=\"f83c26e\" data-element_type=\"section\">\n\t\t\t\t\t\t<div class=\"elementor-container elementor-column-gap-default\">\n\t\t\t\t\t<div class=\"elementor-column elementor-col-50 elementor-inner-column elementor-element elementor-element-7816ee4\" data-id=\"7816ee4\" data-element_type=\"column\">\n\t\t\t<div class=\"elementor-widget-wrap elementor-element-populated\">\n\t\t\t\t\t\t\t<\/div>\n\t\t<\/div>\n\t\t\t\t<div class=\"elementor-column elementor-col-50 elementor-inner-column elementor-element elementor-element-6edbd8b elementor-hidden-mobile\" data-id=\"6edbd8b\" data-element_type=\"column\">\n\t\t\t<div class=\"elementor-widget-wrap\">\n\t\t\t\t\t\t\t<\/div>\n\t\t<\/div>\n\t\t\t\t\t<\/div>\n\t\t<\/section>\n\t\t\t\t\t<\/div>\n\t\t<\/div>\n\t\t\t\t\t<\/div>\n\t\t<\/section>\n\t\t\t\t<section class=\"elementor-section elementor-top-section elementor-element elementor-element-9c115aa elementor-section-full_width elementor-section-stretched elementor-section-height-default elementor-section-height-default parallax_section_no qode_elementor_container_no\" data-id=\"9c115aa\" data-element_type=\"section\" data-settings=\"{&quot;stretch_section&quot;:&quot;section-stretched&quot;,&quot;background_background&quot;:&quot;classic&quot;,&quot;animation&quot;:&quot;none&quot;}\">\n\t\t\t\t\t\t<div class=\"elementor-container elementor-column-gap-no\">\n\t\t\t\t\t<div class=\"elementor-column elementor-col-100 elementor-top-column elementor-element elementor-element-1dbc174\" data-id=\"1dbc174\" data-element_type=\"column\">\n\t\t\t<div class=\"elementor-widget-wrap elementor-element-populated\">\n\t\t\t\t\t\t<section class=\"elementor-section elementor-inner-section elementor-element elementor-element-4be6e79 elementor-section-boxed elementor-section-height-default elementor-section-height-default parallax_section_no qode_elementor_container_no\" data-id=\"4be6e79\" data-element_type=\"section\">\n\t\t\t\t\t\t<div class=\"elementor-container elementor-column-gap-default\">\n\t\t\t\t\t<div class=\"elementor-column elementor-col-100 elementor-inner-column elementor-element elementor-element-52f6260\" data-id=\"52f6260\" data-element_type=\"column\">\n\t\t\t<div class=\"elementor-widget-wrap elementor-element-populated\">\n\t\t\t\t\t\t<div class=\"elementor-element elementor-element-9f92474 elementor-widget elementor-widget-text-editor\" data-id=\"9f92474\" data-element_type=\"widget\" data-widget_type=\"text-editor.default\">\n\t\t\t\t<div class=\"elementor-widget-container\">\n\t\t\t\t\t\t\t\t\t<h1 style=\"background-color: #ffffff; letter-spacing: normal; text-align: center;\">\u00a1PROGRAMA AHORA TU CONSULTA TELEF\u00d3NICA GRATUITA!<\/h1>\t\t\t\t\t\t\t\t<\/div>\n\t\t\t\t<\/div>\n\t\t\t\t<div class=\"elementor-element elementor-element-7b8452f elementor-widget elementor-widget-heading\" data-id=\"7b8452f\" data-element_type=\"widget\" data-widget_type=\"heading.default\">\n\t\t\t\t<div class=\"elementor-widget-container\">\n\t\t\t\t\t<h2 class=\"elementor-heading-title elementor-size-default\">Es r\u00e1pido y f\u00e1cil. Podr\u00e1s hacer preguntas y descubrir si eres candidato para terapia con c\u00e9lulas madre. \u00a1Solo elige el horario que mejor te funcione!<\/h2>\t\t\t\t<\/div>\n\t\t\t\t<\/div>\n\t\t\t\t<div class=\"elementor-element elementor-element-464ea63 elementor-widget elementor-widget-html\" data-id=\"464ea63\" data-element_type=\"widget\" data-widget_type=\"html.default\">\n\t\t\t\t<div class=\"elementor-widget-container\">\n\t\t\t\t\t<iframe\n  src=\"https:\/\/link.r3medical.com\/widget\/form\/21zPViC4lVnsVA4zxUzg\"\n  style=\"width:100%;height:100%;border:none;border-radius:20px\"\n  id=\"inline-21zPViC4lVnsVA4zxUzg\"\n  data-layout=\"{'id':'INLINE'}\"\n  data-trigger-type=\"alwaysShow\"\n  data-trigger-value=\"\"\n  data-activation-type=\"alwaysActivated\"\n  data-activation-value=\"\"\n  data-deactivation-type=\"neverDeactivate\"\n  data-deactivation-value=\"\"\n  data-form-name=\"Website Free Phone Consult Form\"\n  data-height=\"594\"\n  data-layout-iframe-id=\"inline-21zPViC4lVnsVA4zxUzg\"\n  data-form-id=\"21zPViC4lVnsVA4zxUzg\"\n  title=\"Website Free Phone Consult Form\"\n      >\n<\/iframe>\n<script src=\"https:\/\/link.r3medical.com\/js\/form_embed.js\"><\/script>\n\t\t\t\t<\/div>\n\t\t\t\t<\/div>\n\t\t\t\t\t<\/div>\n\t\t<\/div>\n\t\t\t\t\t<\/div>\n\t\t<\/section>\n\t\t\t\t\t<\/div>\n\t\t<\/div>\n\t\t\t\t\t<\/div>\n\t\t<\/section>\n\t\t\t\t<section class=\"elementor-section elementor-top-section elementor-element elementor-element-f96997a elementor-section-full_width elementor-section-stretched elementor-section-height-default elementor-section-height-default parallax_section_no qode_elementor_container_no\" data-id=\"f96997a\" data-element_type=\"section\" data-settings=\"{&quot;stretch_section&quot;:&quot;section-stretched&quot;}\">\n\t\t\t\t\t\t<div class=\"elementor-container elementor-column-gap-no\">\n\t\t\t\t\t<div class=\"elementor-column elementor-col-100 elementor-top-column elementor-element elementor-element-425cf2e\" data-id=\"425cf2e\" data-element_type=\"column\">\n\t\t\t<div class=\"elementor-widget-wrap elementor-element-populated\">\n\t\t\t\t\t\t<div class=\"elementor-element elementor-element-e309fab elementor-widget elementor-widget-template\" data-id=\"e309fab\" data-element_type=\"widget\" data-widget_type=\"template.default\">\n\t\t\t\t<div class=\"elementor-widget-container\">\n\t\t\t\t\t\t\t<div class=\"elementor-template\">\n\t\t\t\t\t<div data-elementor-type=\"section\" data-elementor-id=\"22258\" class=\"elementor elementor-22258\" data-elementor-post-type=\"elementor_library\">\n\t\t\t\t\t<section class=\"elementor-section elementor-top-section elementor-element elementor-element-ee57af5 elementor-section-full_width elementor-section-stretched elementor-section-height-default elementor-section-height-default parallax_section_no qode_elementor_container_no\" data-id=\"ee57af5\" data-element_type=\"section\" data-settings=\"{&quot;stretch_section&quot;:&quot;section-stretched&quot;,&quot;background_background&quot;:&quot;classic&quot;}\">\n\t\t\t\t\t\t<div class=\"elementor-container elementor-column-gap-default\">\n\t\t\t\t\t<div class=\"elementor-column elementor-col-100 elementor-top-column elementor-element elementor-element-00acc09\" data-id=\"00acc09\" data-element_type=\"column\">\n\t\t\t<div class=\"elementor-widget-wrap elementor-element-populated\">\n\t\t\t\t\t\t<div class=\"elementor-element elementor-element-dac3b7e elementor-widget elementor-widget-text-editor\" data-id=\"dac3b7e\" data-element_type=\"widget\" data-widget_type=\"text-editor.default\">\n\t\t\t\t<div class=\"elementor-widget-container\">\n\t\t\t\t\t\t\t\t\t<p><strong>\u00a1La respuesta a nuestros programas de c\u00e9lulas madre en M\u00e9xico ha sido ABRUMADORA!<\/strong><\/p><p><strong>Aseg\u00farate de reservar tu lugar ahora llamando al \u00a0\u00a0<span style=\"color: #ff6600;\"><a style=\"color: #ff6600;\" href=\"tel:+1 (888) 988-0515\"> (888) 988-0515<\/a><\/span>.<\/strong><\/p><p><strong>Nuestros profesionales con experiencia realizar\u00e1n una consulta telef\u00f3nica gratuita para determinar si eres candidato.<\/strong><\/p>\t\t\t\t\t\t\t\t<\/div>\n\t\t\t\t<\/div>\n\t\t\t\t<section class=\"elementor-section elementor-inner-section elementor-element elementor-element-f74d583 elementor-section-boxed elementor-section-height-default elementor-section-height-default parallax_section_no qode_elementor_container_no\" data-id=\"f74d583\" data-element_type=\"section\">\n\t\t\t\t\t\t<div class=\"elementor-container elementor-column-gap-default\">\n\t\t\t\t\t<div class=\"elementor-column elementor-col-100 elementor-inner-column elementor-element elementor-element-d807225\" data-id=\"d807225\" data-element_type=\"column\">\n\t\t\t<div class=\"elementor-widget-wrap elementor-element-populated\">\n\t\t\t\t\t\t<div class=\"elementor-element elementor-element-9f9fc13 elementor-align-center elementor-widget elementor-widget-button\" data-id=\"9f9fc13\" data-element_type=\"widget\" data-widget_type=\"button.default\">\n\t\t\t\t<div class=\"elementor-widget-container\">\n\t\t\t\t\t\t\t\t\t<div class=\"elementor-button-wrapper\">\n\t\t\t\t\t<a class=\"elementor-button elementor-button-link elementor-size-sm\" href=\"https:\/\/stemcellmexico.com\/es_es\/contact-us\/\" contact-us=\"\">\n\t\t\t\t\t\t<span class=\"elementor-button-content-wrapper\">\n\t\t\t\t\t\t\t\t\t<span class=\"elementor-button-text\">Cont\u00e1ctanos<\/span>\n\t\t\t\t\t<\/span>\n\t\t\t\t\t<\/a>\n\t\t\t\t<\/div>\n\t\t\t\t\t\t\t\t<\/div>\n\t\t\t\t<\/div>\n\t\t\t\t\t<\/div>\n\t\t<\/div>\n\t\t\t\t\t<\/div>\n\t\t<\/section>\n\t\t\t\t\t<\/div>\n\t\t<\/div>\n\t\t\t\t\t<\/div>\n\t\t<\/section>\n\t\t\t\t<section class=\"elementor-section elementor-top-section elementor-element elementor-element-ee45e4f elementor-section-full_width elementor-section-height-min-height elementor-section-stretched elementor-section-height-default elementor-section-items-middle parallax_section_no qode_elementor_container_no\" data-id=\"ee45e4f\" data-element_type=\"section\" data-settings=\"{&quot;stretch_section&quot;:&quot;section-stretched&quot;,&quot;background_background&quot;:&quot;classic&quot;}\">\n\t\t\t\t\t\t<div class=\"elementor-container elementor-column-gap-no\">\n\t\t\t\t\t<div class=\"elementor-column elementor-col-100 elementor-top-column elementor-element elementor-element-6820dd4\" data-id=\"6820dd4\" data-element_type=\"column\">\n\t\t\t<div class=\"elementor-widget-wrap\">\n\t\t\t\t\t\t\t<\/div>\n\t\t<\/div>\n\t\t\t\t\t<\/div>\n\t\t<\/section>\n\t\t\t\t<\/div>\n\t\t\t\t<\/div>\n\t\t\t\t\t\t<\/div>\n\t\t\t\t<\/div>\n\t\t\t\t\t<\/div>\n\t\t<\/div>\n\t\t\t\t\t<\/div>\n\t\t<\/section>\n\t\t\t\t<section class=\"elementor-section elementor-top-section elementor-element elementor-element-6008fc9 elementor-section-full_width elementor-section-stretched elementor-section-height-default elementor-section-height-default parallax_section_no qode_elementor_container_no\" data-id=\"6008fc9\" data-element_type=\"section\" data-settings=\"{&quot;stretch_section&quot;:&quot;section-stretched&quot;}\">\n\t\t\t\t\t\t<div class=\"elementor-container elementor-column-gap-default\">\n\t\t\t\t\t<div class=\"elementor-column elementor-col-100 elementor-top-column elementor-element elementor-element-e6ec826\" data-id=\"e6ec826\" data-element_type=\"column\">\n\t\t\t<div class=\"elementor-widget-wrap elementor-element-populated\">\n\t\t\t\t\t\t<div class=\"elementor-element elementor-element-2e0209b elementor-widget elementor-widget-template\" data-id=\"2e0209b\" data-element_type=\"widget\" data-widget_type=\"template.default\">\n\t\t\t\t<div class=\"elementor-widget-container\">\n\t\t\t\t\t\t\t<div class=\"elementor-template\">\n\t\t\t\t\t<\/div>\n\t\t\t\t\t\t<\/div>\n\t\t\t\t<\/div>\n\t\t\t\t\t<\/div>\n\t\t<\/div>\n\t\t\t\t\t<\/div>\n\t\t<\/section>\n\t\t\t\t<\/div>\n\t\t","protected":false},"excerpt":{"rendered":"<p>\u00a1PROGRAMA AHORA TU CONSULTA TELEF\u00d3NICA GRATUITA! Es r\u00e1pido y f\u00e1cil. Podr\u00e1s hacer preguntas y descubrir si eres candidato para terapia con c\u00e9lulas madre. \u00a1Solo elige el horario que mejor te funcione!<\/p>\n","protected":false},"author":1,"featured_media":0,"parent":0,"menu_order":0,"comment_status":"closed","ping_status":"closed","template":"","meta":{"footnotes":""},"class_list":["post-23025","page","type-page","status-publish","hentry"],"yoast_head":"<!-- This site is optimized with the Yoast SEO plugin v26.8 - https:\/\/yoast.com\/product\/yoast-seo-wordpress\/ -->\n<title>Programa tu Consulta Telef\u00f3nica GRATUITA<\/title>\n<meta name=\"description\" content=\"Es r\u00e1pido y f\u00e1cil. Podr\u00e1s hacer preguntas y descubrir si eres candidato para terapia con c\u00e9lulas madre. (888) 988-0515\" \/>\n<meta name=\"robots\" content=\"index, follow, max-snippet:-1, max-image-preview:large, max-video-preview:-1\" \/>\n<link rel=\"canonical\" href=\"https:\/\/stemcellmexico.com\/es_es\/schedule-phone-consultation\/\" \/>\n<meta property=\"og:locale\" content=\"en_US\" \/>\n<meta property=\"og:type\" content=\"article\" \/>\n<meta property=\"og:title\" content=\"Programa tu Consulta Telef\u00f3nica GRATUITA\" \/>\n<meta property=\"og:description\" content=\"Es r\u00e1pido y f\u00e1cil. Podr\u00e1s hacer preguntas y descubrir si eres candidato para terapia con c\u00e9lulas madre. (888) 988-0515\" \/>\n<meta property=\"og:url\" content=\"https:\/\/stemcellmexico.com\/es_es\/schedule-phone-consultation\/\" \/>\n<meta property=\"og:site_name\" content=\"Stem Cell Mexico\" \/>\n<meta property=\"article:modified_time\" content=\"2025-08-08T07:40:48+00:00\" \/>\n<meta name=\"twitter:card\" content=\"summary_large_image\" \/>\n<meta name=\"twitter:label1\" content=\"Est. reading time\" \/>\n\t<meta name=\"twitter:data1\" content=\"1 minute\" \/>\n<script type=\"application\/ld+json\" class=\"yoast-schema-graph\">{\"@context\":\"https:\/\/schema.org\",\"@graph\":[{\"@type\":\"WebPage\",\"@id\":\"https:\/\/stemcellmexico.com\/es_es\/schedule-phone-consultation\/\",\"url\":\"https:\/\/stemcellmexico.com\/es_es\/schedule-phone-consultation\/\",\"name\":\"Programa tu Consulta Telef\u00f3nica GRATUITA\",\"isPartOf\":{\"@id\":\"https:\/\/stemcellmexico.com\/es_es\/#website\"},\"datePublished\":\"2025-08-08T07:40:45+00:00\",\"dateModified\":\"2025-08-08T07:40:48+00:00\",\"description\":\"Es r\u00e1pido y f\u00e1cil. Podr\u00e1s hacer preguntas y descubrir si eres candidato para terapia con c\u00e9lulas madre. (888) 988-0515\",\"breadcrumb\":{\"@id\":\"https:\/\/stemcellmexico.com\/es_es\/schedule-phone-consultation\/#breadcrumb\"},\"inLanguage\":\"en-US\",\"potentialAction\":[{\"@type\":\"ReadAction\",\"target\":[\"https:\/\/stemcellmexico.com\/es_es\/schedule-phone-consultation\/\"]}]},{\"@type\":\"BreadcrumbList\",\"@id\":\"https:\/\/stemcellmexico.com\/es_es\/schedule-phone-consultation\/#breadcrumb\",\"itemListElement\":[{\"@type\":\"ListItem\",\"position\":1,\"name\":\"Home\",\"item\":\"https:\/\/stemcellmexico.com\/es_es\/\"},{\"@type\":\"ListItem\",\"position\":2,\"name\":\"Programa tu Consulta Telef\u00f3nica GRATUITA\"}]},{\"@type\":\"WebSite\",\"@id\":\"https:\/\/stemcellmexico.com\/es_es\/#website\",\"url\":\"https:\/\/stemcellmexico.com\/es_es\/\",\"name\":\"Stem Cell Mexico\",\"description\":\"\",\"publisher\":{\"@id\":\"https:\/\/stemcellmexico.com\/es_es\/#organization\"},\"potentialAction\":[{\"@type\":\"SearchAction\",\"target\":{\"@type\":\"EntryPoint\",\"urlTemplate\":\"https:\/\/stemcellmexico.com\/es_es\/?s={search_term_string}\"},\"query-input\":{\"@type\":\"PropertyValueSpecification\",\"valueRequired\":true,\"valueName\":\"search_term_string\"}}],\"inLanguage\":\"en-US\"},{\"@type\":\"Organization\",\"@id\":\"https:\/\/stemcellmexico.com\/es_es\/#organization\",\"name\":\"R3 Stem Cell M\u00e9xico\",\"alternateName\":\"Stem Therapy Cell M\u00e9xico\",\"url\":\"https:\/\/stemcellmexico.com\/es_es\/\",\"logo\":{\"@type\":\"ImageObject\",\"inLanguage\":\"en-US\",\"@id\":\"https:\/\/stemcellmexico.com\/es_es\/#\/schema\/logo\/image\/\",\"url\":\"https:\/\/stemcellmexico.com\/es_es\/wp-content\/uploads\/2025\/05\/upper-body.png\",\"contentUrl\":\"https:\/\/stemcellmexico.com\/es_es\/wp-content\/uploads\/2025\/05\/upper-body.png\",\"width\":127,\"height\":127,\"caption\":\"R3 Stem Cell M\u00e9xico\"},\"image\":{\"@id\":\"https:\/\/stemcellmexico.com\/es_es\/#\/schema\/logo\/image\/\"}}]}<\/script>\n<!-- \/ Yoast SEO plugin. -->","yoast_head_json":{"title":"Programa tu Consulta Telef\u00f3nica GRATUITA","description":"Es r\u00e1pido y f\u00e1cil. Podr\u00e1s hacer preguntas y descubrir si eres candidato para terapia con c\u00e9lulas madre. (888) 988-0515","robots":{"index":"index","follow":"follow","max-snippet":"max-snippet:-1","max-image-preview":"max-image-preview:large","max-video-preview":"max-video-preview:-1"},"canonical":"https:\/\/stemcellmexico.com\/es_es\/schedule-phone-consultation\/","og_locale":"en_US","og_type":"article","og_title":"Programa tu Consulta Telef\u00f3nica GRATUITA","og_description":"Es r\u00e1pido y f\u00e1cil. Podr\u00e1s hacer preguntas y descubrir si eres candidato para terapia con c\u00e9lulas madre. (888) 988-0515","og_url":"https:\/\/stemcellmexico.com\/es_es\/schedule-phone-consultation\/","og_site_name":"Stem Cell Mexico","article_modified_time":"2025-08-08T07:40:48+00:00","twitter_card":"summary_large_image","twitter_misc":{"Est. reading time":"1 minute"},"schema":{"@context":"https:\/\/schema.org","@graph":[{"@type":"WebPage","@id":"https:\/\/stemcellmexico.com\/es_es\/schedule-phone-consultation\/","url":"https:\/\/stemcellmexico.com\/es_es\/schedule-phone-consultation\/","name":"Programa tu Consulta Telef\u00f3nica GRATUITA","isPartOf":{"@id":"https:\/\/stemcellmexico.com\/es_es\/#website"},"datePublished":"2025-08-08T07:40:45+00:00","dateModified":"2025-08-08T07:40:48+00:00","description":"Es r\u00e1pido y f\u00e1cil. Podr\u00e1s hacer preguntas y descubrir si eres candidato para terapia con c\u00e9lulas madre. (888) 988-0515","breadcrumb":{"@id":"https:\/\/stemcellmexico.com\/es_es\/schedule-phone-consultation\/#breadcrumb"},"inLanguage":"en-US","potentialAction":[{"@type":"ReadAction","target":["https:\/\/stemcellmexico.com\/es_es\/schedule-phone-consultation\/"]}]},{"@type":"BreadcrumbList","@id":"https:\/\/stemcellmexico.com\/es_es\/schedule-phone-consultation\/#breadcrumb","itemListElement":[{"@type":"ListItem","position":1,"name":"Home","item":"https:\/\/stemcellmexico.com\/es_es\/"},{"@type":"ListItem","position":2,"name":"Programa tu Consulta Telef\u00f3nica GRATUITA"}]},{"@type":"WebSite","@id":"https:\/\/stemcellmexico.com\/es_es\/#website","url":"https:\/\/stemcellmexico.com\/es_es\/","name":"Stem Cell Mexico","description":"","publisher":{"@id":"https:\/\/stemcellmexico.com\/es_es\/#organization"},"potentialAction":[{"@type":"SearchAction","target":{"@type":"EntryPoint","urlTemplate":"https:\/\/stemcellmexico.com\/es_es\/?s={search_term_string}"},"query-input":{"@type":"PropertyValueSpecification","valueRequired":true,"valueName":"search_term_string"}}],"inLanguage":"en-US"},{"@type":"Organization","@id":"https:\/\/stemcellmexico.com\/es_es\/#organization","name":"R3 Stem Cell M\u00e9xico","alternateName":"Stem Therapy Cell M\u00e9xico","url":"https:\/\/stemcellmexico.com\/es_es\/","logo":{"@type":"ImageObject","inLanguage":"en-US","@id":"https:\/\/stemcellmexico.com\/es_es\/#\/schema\/logo\/image\/","url":"https:\/\/stemcellmexico.com\/es_es\/wp-content\/uploads\/2025\/05\/upper-body.png","contentUrl":"https:\/\/stemcellmexico.com\/es_es\/wp-content\/uploads\/2025\/05\/upper-body.png","width":127,"height":127,"caption":"R3 Stem Cell M\u00e9xico"},"image":{"@id":"https:\/\/stemcellmexico.com\/es_es\/#\/schema\/logo\/image\/"}}]}},"_links":{"self":[{"href":"https:\/\/stemcellmexico.com\/es_es\/wp-json\/wp\/v2\/pages\/23025","targetHints":{"allow":["GET"]}}],"collection":[{"href":"https:\/\/stemcellmexico.com\/es_es\/wp-json\/wp\/v2\/pages"}],"about":[{"href":"https:\/\/stemcellmexico.com\/es_es\/wp-json\/wp\/v2\/types\/page"}],"author":[{"embeddable":true,"href":"https:\/\/stemcellmexico.com\/es_es\/wp-json\/wp\/v2\/users\/1"}],"replies":[{"embeddable":true,"href":"https:\/\/stemcellmexico.com\/es_es\/wp-json\/wp\/v2\/comments?post=23025"}],"version-history":[{"count":5,"href":"https:\/\/stemcellmexico.com\/es_es\/wp-json\/wp\/v2\/pages\/23025\/revisions"}],"predecessor-version":[{"id":35038,"href":"https:\/\/stemcellmexico.com\/es_es\/wp-json\/wp\/v2\/pages\/23025\/revisions\/35038"}],"wp:attachment":[{"href":"https:\/\/stemcellmexico.com\/es_es\/wp-json\/wp\/v2\/media?parent=23025"}],"curies":[{"name":"wp","href":"https:\/\/api.w.org\/{rel}","templated":true}]}}