{"id":7235,"date":"2023-02-07T05:40:46","date_gmt":"2023-02-07T05:40:46","guid":{"rendered":"https:\/\/new.stemcelltherapyinlosangeles.com\/?page_id=7235"},"modified":"2025-08-13T10:23:45","modified_gmt":"2025-08-13T10:23:45","slug":"refund-policy","status":"publish","type":"page","link":"https:\/\/stemcellmexico.com\/es_es\/refund-policy\/","title":{"rendered":"Pol\u00edtica de Reembolsos"},"content":{"rendered":"\t\t<div data-elementor-type=\"wp-page\" data-elementor-id=\"7235\" class=\"elementor elementor-7235\" data-elementor-post-type=\"page\">\n\t\t\t\t\t\t<section class=\"elementor-section elementor-top-section elementor-element elementor-element-7feaddc elementor-section-height-min-height elementor-section-stretched elementor-section-full_width elementor-section-height-default elementor-section-items-middle parallax_section_no qode_elementor_container_no\" data-id=\"7feaddc\" data-element_type=\"section\" data-settings=\"{&quot;stretch_section&quot;:&quot;section-stretched&quot;,&quot;background_background&quot;:&quot;classic&quot;}\">\n\t\t\t\t\t\t<div class=\"elementor-container elementor-column-gap-no\">\n\t\t\t\t\t<div class=\"elementor-column elementor-col-100 elementor-top-column elementor-element elementor-element-01da430\" data-id=\"01da430\" data-element_type=\"column\">\n\t\t\t<div class=\"elementor-widget-wrap elementor-element-populated\">\n\t\t\t\t\t\t<section class=\"elementor-section elementor-inner-section elementor-element elementor-element-8f8981e elementor-section-boxed elementor-section-height-default elementor-section-height-default parallax_section_no qode_elementor_container_no\" data-id=\"8f8981e\" data-element_type=\"section\">\n\t\t\t\t\t\t<div class=\"elementor-container elementor-column-gap-default\">\n\t\t\t\t\t<div class=\"elementor-column elementor-col-50 elementor-inner-column elementor-element elementor-element-2a70494\" data-id=\"2a70494\" data-element_type=\"column\">\n\t\t\t<div class=\"elementor-widget-wrap elementor-element-populated\">\n\t\t\t\t\t\t<div class=\"elementor-element elementor-element-fb3368b elementor-widget elementor-widget-heading\" data-id=\"fb3368b\" data-element_type=\"widget\" data-widget_type=\"heading.default\">\n\t\t\t\t<div class=\"elementor-widget-container\">\n\t\t\t\t\t<h2 class=\"elementor-heading-title elementor-size-default\">Pol\u00edtica de Reembolsos\n\n<\/h2>\t\t\t\t<\/div>\n\t\t\t\t<\/div>\n\t\t\t\t\t<\/div>\n\t\t<\/div>\n\t\t\t\t<div class=\"elementor-column elementor-col-50 elementor-inner-column elementor-element elementor-element-136c66e elementor-hidden-mobile\" data-id=\"136c66e\" data-element_type=\"column\">\n\t\t\t<div class=\"elementor-widget-wrap\">\n\t\t\t\t\t\t\t<\/div>\n\t\t<\/div>\n\t\t\t\t\t<\/div>\n\t\t<\/section>\n\t\t\t\t\t<\/div>\n\t\t<\/div>\n\t\t\t\t\t<\/div>\n\t\t<\/section>\n\t\t\t\t<section class=\"elementor-section elementor-top-section elementor-element elementor-element-56ceda8 elementor-section-boxed elementor-section-height-default elementor-section-height-default parallax_section_no qode_elementor_container_no\" data-id=\"56ceda8\" data-element_type=\"section\">\n\t\t\t\t\t\t<div class=\"elementor-container elementor-column-gap-default\">\n\t\t\t\t\t<div class=\"elementor-column elementor-col-100 elementor-top-column elementor-element elementor-element-f2255d0\" data-id=\"f2255d0\" data-element_type=\"column\">\n\t\t\t<div class=\"elementor-widget-wrap elementor-element-populated\">\n\t\t\t\t\t\t<div class=\"elementor-element elementor-element-a29f559 elementor-widget elementor-widget-image\" data-id=\"a29f559\" data-element_type=\"widget\" data-widget_type=\"image.default\">\n\t\t\t\t<div class=\"elementor-widget-container\">\n\t\t\t\t\t\t\t\t\t\t\t\t\t\t\t<img decoding=\"async\" width=\"300\" height=\"154\" src=\"https:\/\/stemcellmexico.com\/es_es\/wp-content\/uploads\/2023\/02\/R3.LogoHoriz-1-300x154.png\" class=\"attachment-medium size-medium wp-image-7240\" alt=\"\" srcset=\"https:\/\/stemcellmexico.com\/es_es\/wp-content\/uploads\/2023\/02\/R3.LogoHoriz-1-300x154.png 300w, https:\/\/stemcellmexico.com\/es_es\/wp-content\/uploads\/2023\/02\/R3.LogoHoriz-1-1024x527.png 1024w, https:\/\/stemcellmexico.com\/es_es\/wp-content\/uploads\/2023\/02\/R3.LogoHoriz-1-768x395.png 768w, https:\/\/stemcellmexico.com\/es_es\/wp-content\/uploads\/2023\/02\/R3.LogoHoriz-1-700x360.png 700w, https:\/\/stemcellmexico.com\/es_es\/wp-content\/uploads\/2023\/02\/R3.LogoHoriz-1.png 1244w\" sizes=\"(max-width: 300px) 100vw, 300px\" \/>\t\t\t\t\t\t\t\t\t\t\t\t\t\t\t<\/div>\n\t\t\t\t<\/div>\n\t\t\t\t<div class=\"elementor-element elementor-element-8bf6ea5 elementor-widget elementor-widget-heading\" data-id=\"8bf6ea5\" data-element_type=\"widget\" data-widget_type=\"heading.default\">\n\t\t\t\t<div class=\"elementor-widget-container\">\n\t\t\t\t\t<h2 class=\"elementor-heading-title elementor-size-default\">Pol\u00edtica de Reembolsos de R3 Stem Cell\n\n<\/h2>\t\t\t\t<\/div>\n\t\t\t\t<\/div>\n\t\t\t\t<section class=\"elementor-section elementor-inner-section elementor-element elementor-element-b039438 elementor-section-boxed elementor-section-height-default elementor-section-height-default parallax_section_no qode_elementor_container_no\" data-id=\"b039438\" data-element_type=\"section\">\n\t\t\t\t\t\t<div class=\"elementor-container elementor-column-gap-default\">\n\t\t\t\t\t<div class=\"elementor-column elementor-col-100 elementor-inner-column elementor-element elementor-element-c7af32f\" data-id=\"c7af32f\" data-element_type=\"column\">\n\t\t\t<div class=\"elementor-widget-wrap elementor-element-populated\">\n\t\t\t\t\t\t<div class=\"elementor-element elementor-element-228041a elementor-widget elementor-widget-text-editor\" data-id=\"228041a\" data-element_type=\"widget\" data-widget_type=\"text-editor.default\">\n\t\t\t\t<div class=\"elementor-widget-container\">\n\t\t\t\t\t\t\t\t\t<p data-start=\"88\" data-end=\"385\"><strong data-start=\"88\" data-end=\"206\">Gracias por confiar en R3 Stem Cell al inscribirse para un procedimiento en uno de nuestros Centros de Excelencia.<\/strong><br data-start=\"206\" data-end=\"209\" \/>Con 10 a\u00f1os ofreciendo procedimientos regenerativos de primer nivel, <strong data-start=\"278\" data-end=\"294\">R3 Stem Cell<\/strong> es la mejor opci\u00f3n a nivel mundial para lograr satisfacci\u00f3n y una mejor calidad de vida.<\/p><p data-start=\"387\" data-end=\"665\">Es pol\u00edtica de <strong data-start=\"402\" data-end=\"418\">R3 Stem Cell<\/strong> que el pago total se realice <strong data-start=\"448\" data-end=\"457\">antes<\/strong> de cualquier procedimiento regenerativo. Este documento establece la pol\u00edtica de reembolsos de <strong data-start=\"553\" data-end=\"569\">R3 Stem Cell<\/strong>, la cual aplica una vez que un paciente se inscribe y paga por un procedimiento regenerativo.<\/p>\t\t\t\t\t\t\t\t<\/div>\n\t\t\t\t<\/div>\n\t\t\t\t<div class=\"elementor-element elementor-element-4487bdd elementor-icon-list--layout-traditional elementor-list-item-link-full_width elementor-widget elementor-widget-icon-list\" data-id=\"4487bdd\" data-element_type=\"widget\" data-widget_type=\"icon-list.default\">\n\t\t\t\t<div class=\"elementor-widget-container\">\n\t\t\t\t\t\t\t<ul class=\"elementor-icon-list-items\">\n\t\t\t\t\t\t\t<li class=\"elementor-icon-list-item\">\n\t\t\t\t\t\t\t\t\t\t\t<span class=\"elementor-icon-list-icon\">\n\t\t\t\t\t\t\t<i aria-hidden=\"true\" class=\"fas fa-check\"><\/i>\t\t\t\t\t\t<\/span>\n\t\t\t\t\t\t\t\t\t\t<span class=\"elementor-icon-list-text\">Si usted paga por su procedimiento 4 o m\u00e1s d\u00edas antes de la fecha programada, podr\u00e1 recibir un reembolso completo si cancela dentro de las 72 horas posteriores al pago. Despu\u00e9s de ese plazo de 72 horas, no se otorgar\u00e1n reembolsos.<\/span>\n\t\t\t\t\t\t\t\t\t<\/li>\n\t\t\t\t\t\t\t\t<li class=\"elementor-icon-list-item\">\n\t\t\t\t\t\t\t\t\t\t\t<span class=\"elementor-icon-list-icon\">\n\t\t\t\t\t\t\t<i aria-hidden=\"true\" class=\"fas fa-check\"><\/i>\t\t\t\t\t\t<\/span>\n\t\t\t\t\t\t\t\t\t\t<span class=\"elementor-icon-list-text\">Si usted paga por su procedimiento con menos de 4 d\u00edas de anticipaci\u00f3n a la fecha programada, no se otorgar\u00e1n reembolsos.<\/span>\n\t\t\t\t\t\t\t\t\t<\/li>\n\t\t\t\t\t\t\t\t<li class=\"elementor-icon-list-item\">\n\t\t\t\t\t\t\t\t\t\t\t<span class=\"elementor-icon-list-icon\">\n\t\t\t\t\t\t\t<i aria-hidden=\"true\" class=\"fas fa-check\"><\/i>\t\t\t\t\t\t<\/span>\n\t\t\t\t\t\t\t\t\t\t<span class=\"elementor-icon-list-text\">No se otorgar\u00e1n reembolsos despu\u00e9s de que se haya realizado un procedimiento. R3 Stem Cell informa a los pacientes que los resultados de los procedimientos no est\u00e1n garantizados. Al igual que con cualquier procedimiento m\u00e9dico, siempre existe el riesgo de que el procedimiento no produzca el resultado deseado.<\/span>\n\t\t\t\t\t\t\t\t\t<\/li>\n\t\t\t\t\t\t<\/ul>\n\t\t\t\t\t\t<\/div>\n\t\t\t\t<\/div>\n\t\t\t\t<div class=\"elementor-element elementor-element-074a107 elementor-widget elementor-widget-text-editor\" data-id=\"074a107\" data-element_type=\"widget\" data-widget_type=\"text-editor.default\">\n\t\t\t\t<div class=\"elementor-widget-container\">\n\t\t\t\t\t\t\t\t\t<p data-start=\"57\" data-end=\"171\">Si tiene alguna pregunta, por favor comun\u00edquese con nuestro equipo de atenci\u00f3n al cliente al <a href=\"tel:8444387836\"><strong data-start=\"150\" data-end=\"168\">(844) GET-STEM<\/strong><\/a>.<\/p>\t\t\t\t\t\t\t\t<\/div>\n\t\t\t\t<\/div>\n\t\t\t\t\t<\/div>\n\t\t<\/div>\n\t\t\t\t\t<\/div>\n\t\t<\/section>\n\t\t\t\t\t<\/div>\n\t\t<\/div>\n\t\t\t\t\t<\/div>\n\t\t<\/section>\n\t\t\t\t<section class=\"elementor-section elementor-top-section elementor-element elementor-element-cde68ea elementor-section-full_width elementor-section-stretched elementor-section-height-default elementor-section-height-default parallax_section_no qode_elementor_container_no\" data-id=\"cde68ea\" data-element_type=\"section\" data-settings=\"{&quot;stretch_section&quot;:&quot;section-stretched&quot;,&quot;background_background&quot;:&quot;classic&quot;}\">\n\t\t\t\t\t\t<div class=\"elementor-container elementor-column-gap-no\">\n\t\t\t\t\t<div class=\"elementor-column elementor-col-100 elementor-top-column elementor-element elementor-element-b6706dd\" data-id=\"b6706dd\" data-element_type=\"column\">\n\t\t\t<div class=\"elementor-widget-wrap elementor-element-populated\">\n\t\t\t\t\t\t<div class=\"elementor-element elementor-element-7253e28 elementor-widget elementor-widget-template\" data-id=\"7253e28\" data-element_type=\"widget\" data-widget_type=\"template.default\">\n\t\t\t\t<div class=\"elementor-widget-container\">\n\t\t\t\t\t\t\t<div class=\"elementor-template\">\n\t\t\t\t\t<\/div>\n\t\t\t\t\t\t<\/div>\n\t\t\t\t<\/div>\n\t\t\t\t\t<\/div>\n\t\t<\/div>\n\t\t\t\t\t<\/div>\n\t\t<\/section>\n\t\t\t\t<\/div>\n\t\t","protected":false},"excerpt":{"rendered":"<p>Pol\u00edtica de Reembolsos Pol\u00edtica de Reembolsos de R3 Stem Cell Gracias por confiar en R3 Stem Cell al inscribirse para un procedimiento en uno de nuestros Centros de Excelencia.Con 10 a\u00f1os ofreciendo procedimientos regenerativos de primer nivel, R3 Stem Cell es la mejor opci\u00f3n a&#8230;<\/p>\n","protected":false},"author":1,"featured_media":0,"parent":0,"menu_order":0,"comment_status":"closed","ping_status":"closed","template":"full_width.php","meta":{"footnotes":""},"class_list":["post-7235","page","type-page","status-publish","hentry"],"yoast_head":"<!-- This site is optimized with the Yoast SEO plugin v26.8 - https:\/\/yoast.com\/product\/yoast-seo-wordpress\/ -->\n<title>Pol\u00edtica de Reembolsos<\/title>\n<meta name=\"description\" content=\"\u00a1Gracias por confiar en R3 Stem Cell al inscribirse para un procedimiento en uno de nuestros Centros de Excelencia! Con 10 a\u00f1os ofreciendo\" \/>\n<meta name=\"robots\" content=\"index, follow, max-snippet:-1, max-image-preview:large, max-video-preview:-1\" \/>\n<link rel=\"canonical\" href=\"https:\/\/stemcellmexico.com\/es_es\/refund-policy\/\" \/>\n<meta property=\"og:locale\" content=\"en_US\" \/>\n<meta property=\"og:type\" content=\"article\" \/>\n<meta property=\"og:title\" content=\"Pol\u00edtica de Reembolsos\" \/>\n<meta property=\"og:description\" content=\"\u00a1Gracias por confiar en R3 Stem Cell al inscribirse para un procedimiento en uno de nuestros Centros de Excelencia! Con 10 a\u00f1os ofreciendo\" \/>\n<meta property=\"og:url\" content=\"https:\/\/stemcellmexico.com\/es_es\/refund-policy\/\" \/>\n<meta property=\"og:site_name\" content=\"Stem Cell Mexico\" \/>\n<meta property=\"article:modified_time\" content=\"2025-08-13T10:23:45+00:00\" \/>\n<meta property=\"og:image\" content=\"https:\/\/stemcellmexico.com\/es_es\/wp-content\/uploads\/2023\/02\/R3.LogoHoriz-1-300x154.png\" \/>\n<meta name=\"twitter:card\" content=\"summary_large_image\" \/>\n<meta name=\"twitter:label1\" content=\"Est. reading time\" \/>\n\t<meta name=\"twitter:data1\" content=\"2 minutes\" \/>\n<script type=\"application\/ld+json\" class=\"yoast-schema-graph\">{\"@context\":\"https:\/\/schema.org\",\"@graph\":[{\"@type\":\"WebPage\",\"@id\":\"https:\/\/stemcellmexico.com\/es_es\/refund-policy\/\",\"url\":\"https:\/\/stemcellmexico.com\/es_es\/refund-policy\/\",\"name\":\"Pol\u00edtica de Reembolsos\",\"isPartOf\":{\"@id\":\"https:\/\/stemcellmexico.com\/es_es\/#website\"},\"primaryImageOfPage\":{\"@id\":\"https:\/\/stemcellmexico.com\/es_es\/refund-policy\/#primaryimage\"},\"image\":{\"@id\":\"https:\/\/stemcellmexico.com\/es_es\/refund-policy\/#primaryimage\"},\"thumbnailUrl\":\"https:\/\/stemcellmexico.com\/es_es\/wp-content\/uploads\/2023\/02\/R3.LogoHoriz-1-300x154.png\",\"datePublished\":\"2023-02-07T05:40:46+00:00\",\"dateModified\":\"2025-08-13T10:23:45+00:00\",\"description\":\"\u00a1Gracias por confiar en R3 Stem Cell al inscribirse para un procedimiento en uno de nuestros Centros de Excelencia! Con 10 a\u00f1os ofreciendo\",\"breadcrumb\":{\"@id\":\"https:\/\/stemcellmexico.com\/es_es\/refund-policy\/#breadcrumb\"},\"inLanguage\":\"en-US\",\"potentialAction\":[{\"@type\":\"ReadAction\",\"target\":[\"https:\/\/stemcellmexico.com\/es_es\/refund-policy\/\"]}]},{\"@type\":\"ImageObject\",\"inLanguage\":\"en-US\",\"@id\":\"https:\/\/stemcellmexico.com\/es_es\/refund-policy\/#primaryimage\",\"url\":\"https:\/\/stemcellmexico.com\/es_es\/wp-content\/uploads\/2023\/02\/R3.LogoHoriz-1-300x154.png\",\"contentUrl\":\"https:\/\/stemcellmexico.com\/es_es\/wp-content\/uploads\/2023\/02\/R3.LogoHoriz-1-300x154.png\"},{\"@type\":\"BreadcrumbList\",\"@id\":\"https:\/\/stemcellmexico.com\/es_es\/refund-policy\/#breadcrumb\",\"itemListElement\":[{\"@type\":\"ListItem\",\"position\":1,\"name\":\"Home\",\"item\":\"https:\/\/stemcellmexico.com\/es_es\/\"},{\"@type\":\"ListItem\",\"position\":2,\"name\":\"Pol\u00edtica de Reembolsos\"}]},{\"@type\":\"WebSite\",\"@id\":\"https:\/\/stemcellmexico.com\/es_es\/#website\",\"url\":\"https:\/\/stemcellmexico.com\/es_es\/\",\"name\":\"Stem Cell Mexico\",\"description\":\"\",\"publisher\":{\"@id\":\"https:\/\/stemcellmexico.com\/es_es\/#organization\"},\"potentialAction\":[{\"@type\":\"SearchAction\",\"target\":{\"@type\":\"EntryPoint\",\"urlTemplate\":\"https:\/\/stemcellmexico.com\/es_es\/?s={search_term_string}\"},\"query-input\":{\"@type\":\"PropertyValueSpecification\",\"valueRequired\":true,\"valueName\":\"search_term_string\"}}],\"inLanguage\":\"en-US\"},{\"@type\":\"Organization\",\"@id\":\"https:\/\/stemcellmexico.com\/es_es\/#organization\",\"name\":\"R3 Stem Cell M\u00e9xico\",\"alternateName\":\"Stem Therapy Cell M\u00e9xico\",\"url\":\"https:\/\/stemcellmexico.com\/es_es\/\",\"logo\":{\"@type\":\"ImageObject\",\"inLanguage\":\"en-US\",\"@id\":\"https:\/\/stemcellmexico.com\/es_es\/#\/schema\/logo\/image\/\",\"url\":\"https:\/\/stemcellmexico.com\/es_es\/wp-content\/uploads\/2025\/05\/upper-body.png\",\"contentUrl\":\"https:\/\/stemcellmexico.com\/es_es\/wp-content\/uploads\/2025\/05\/upper-body.png\",\"width\":127,\"height\":127,\"caption\":\"R3 Stem Cell M\u00e9xico\"},\"image\":{\"@id\":\"https:\/\/stemcellmexico.com\/es_es\/#\/schema\/logo\/image\/\"}}]}<\/script>\n<!-- \/ Yoast SEO plugin. -->","yoast_head_json":{"title":"Pol\u00edtica de Reembolsos","description":"\u00a1Gracias por confiar en R3 Stem Cell al inscribirse para un procedimiento en uno de nuestros Centros de Excelencia! Con 10 a\u00f1os ofreciendo","robots":{"index":"index","follow":"follow","max-snippet":"max-snippet:-1","max-image-preview":"max-image-preview:large","max-video-preview":"max-video-preview:-1"},"canonical":"https:\/\/stemcellmexico.com\/es_es\/refund-policy\/","og_locale":"en_US","og_type":"article","og_title":"Pol\u00edtica de Reembolsos","og_description":"\u00a1Gracias por confiar en R3 Stem Cell al inscribirse para un procedimiento en uno de nuestros Centros de Excelencia! Con 10 a\u00f1os ofreciendo","og_url":"https:\/\/stemcellmexico.com\/es_es\/refund-policy\/","og_site_name":"Stem Cell Mexico","article_modified_time":"2025-08-13T10:23:45+00:00","og_image":[{"url":"https:\/\/stemcellmexico.com\/es_es\/wp-content\/uploads\/2023\/02\/R3.LogoHoriz-1-300x154.png","type":"","width":"","height":""}],"twitter_card":"summary_large_image","twitter_misc":{"Est. reading time":"2 minutes"},"schema":{"@context":"https:\/\/schema.org","@graph":[{"@type":"WebPage","@id":"https:\/\/stemcellmexico.com\/es_es\/refund-policy\/","url":"https:\/\/stemcellmexico.com\/es_es\/refund-policy\/","name":"Pol\u00edtica de Reembolsos","isPartOf":{"@id":"https:\/\/stemcellmexico.com\/es_es\/#website"},"primaryImageOfPage":{"@id":"https:\/\/stemcellmexico.com\/es_es\/refund-policy\/#primaryimage"},"image":{"@id":"https:\/\/stemcellmexico.com\/es_es\/refund-policy\/#primaryimage"},"thumbnailUrl":"https:\/\/stemcellmexico.com\/es_es\/wp-content\/uploads\/2023\/02\/R3.LogoHoriz-1-300x154.png","datePublished":"2023-02-07T05:40:46+00:00","dateModified":"2025-08-13T10:23:45+00:00","description":"\u00a1Gracias por confiar en R3 Stem Cell al inscribirse para un procedimiento en uno de nuestros Centros de Excelencia! Con 10 a\u00f1os ofreciendo","breadcrumb":{"@id":"https:\/\/stemcellmexico.com\/es_es\/refund-policy\/#breadcrumb"},"inLanguage":"en-US","potentialAction":[{"@type":"ReadAction","target":["https:\/\/stemcellmexico.com\/es_es\/refund-policy\/"]}]},{"@type":"ImageObject","inLanguage":"en-US","@id":"https:\/\/stemcellmexico.com\/es_es\/refund-policy\/#primaryimage","url":"https:\/\/stemcellmexico.com\/es_es\/wp-content\/uploads\/2023\/02\/R3.LogoHoriz-1-300x154.png","contentUrl":"https:\/\/stemcellmexico.com\/es_es\/wp-content\/uploads\/2023\/02\/R3.LogoHoriz-1-300x154.png"},{"@type":"BreadcrumbList","@id":"https:\/\/stemcellmexico.com\/es_es\/refund-policy\/#breadcrumb","itemListElement":[{"@type":"ListItem","position":1,"name":"Home","item":"https:\/\/stemcellmexico.com\/es_es\/"},{"@type":"ListItem","position":2,"name":"Pol\u00edtica de Reembolsos"}]},{"@type":"WebSite","@id":"https:\/\/stemcellmexico.com\/es_es\/#website","url":"https:\/\/stemcellmexico.com\/es_es\/","name":"Stem Cell Mexico","description":"","publisher":{"@id":"https:\/\/stemcellmexico.com\/es_es\/#organization"},"potentialAction":[{"@type":"SearchAction","target":{"@type":"EntryPoint","urlTemplate":"https:\/\/stemcellmexico.com\/es_es\/?s={search_term_string}"},"query-input":{"@type":"PropertyValueSpecification","valueRequired":true,"valueName":"search_term_string"}}],"inLanguage":"en-US"},{"@type":"Organization","@id":"https:\/\/stemcellmexico.com\/es_es\/#organization","name":"R3 Stem Cell M\u00e9xico","alternateName":"Stem Therapy Cell M\u00e9xico","url":"https:\/\/stemcellmexico.com\/es_es\/","logo":{"@type":"ImageObject","inLanguage":"en-US","@id":"https:\/\/stemcellmexico.com\/es_es\/#\/schema\/logo\/image\/","url":"https:\/\/stemcellmexico.com\/es_es\/wp-content\/uploads\/2025\/05\/upper-body.png","contentUrl":"https:\/\/stemcellmexico.com\/es_es\/wp-content\/uploads\/2025\/05\/upper-body.png","width":127,"height":127,"caption":"R3 Stem Cell M\u00e9xico"},"image":{"@id":"https:\/\/stemcellmexico.com\/es_es\/#\/schema\/logo\/image\/"}}]}},"_links":{"self":[{"href":"https:\/\/stemcellmexico.com\/es_es\/wp-json\/wp\/v2\/pages\/7235","targetHints":{"allow":["GET"]}}],"collection":[{"href":"https:\/\/stemcellmexico.com\/es_es\/wp-json\/wp\/v2\/pages"}],"about":[{"href":"https:\/\/stemcellmexico.com\/es_es\/wp-json\/wp\/v2\/types\/page"}],"author":[{"embeddable":true,"href":"https:\/\/stemcellmexico.com\/es_es\/wp-json\/wp\/v2\/users\/1"}],"replies":[{"embeddable":true,"href":"https:\/\/stemcellmexico.com\/es_es\/wp-json\/wp\/v2\/comments?post=7235"}],"version-history":[{"count":5,"href":"https:\/\/stemcellmexico.com\/es_es\/wp-json\/wp\/v2\/pages\/7235\/revisions"}],"predecessor-version":[{"id":35235,"href":"https:\/\/stemcellmexico.com\/es_es\/wp-json\/wp\/v2\/pages\/7235\/revisions\/35235"}],"wp:attachment":[{"href":"https:\/\/stemcellmexico.com\/es_es\/wp-json\/wp\/v2\/media?parent=7235"}],"curies":[{"name":"wp","href":"https:\/\/api.w.org\/{rel}","templated":true}]}}